{"id":2,"date":"2020-05-27T18:19:26","date_gmt":"2020-05-27T16:19:26","guid":{"rendered":"https:\/\/www.kin.de\/da\/?page_id=2"},"modified":"2022-01-20T14:55:05","modified_gmt":"2022-01-20T13:55:05","slug":"beispiel-seite","status":"publish","type":"page","link":"https:\/\/www.kin.de\/da\/beispiel-seite\/","title":{"rendered":"Beispiel-Seite"},"content":{"rendered":"<div class='w3eden'><!-- WPDM Link Template: Default Template -->\n\n<div class=\"link-template-default card mb-2\">\n    <div class=\"card-body\">\n        <div class=\"media\">\n            <div class=\"mr-3 img-48\"><img decoding=\"async\" class=\"wpdm_icon\" alt=\"Icon\" src=\"data:image\/svg+xml;base64,CiAgICAgICAgICAgIDxzdmcgeG1sbnM9Imh0dHA6Ly93d3cudzMub3JnLzIwMDAvc3ZnIiB2aWV3Qm94PSIwIDAgNDAgNDAiPgogICAgICAgICAgICAgICAgPGRlZnM+CiAgICAgICAgICAgICAgICAgICAgPGxpbmVhckdyYWRpZW50IGlkPSJncmFkaWVudCIgeDE9IjAiIHkxPSIwIiB4Mj0iMCIgeTI9IjEiPgogICAgICAgICAgICAgICAgICAgICAgICA8c3RvcCBzdG9wLWNvbG9yPSIjMjY5ZGVmIiBvZmZzZXQ9IjAiLz4KICAgICAgICAgICAgICAgICAgICAgICAgPHN0b3Agc3RvcC1jb2xvcj0iIzI2YmRlZiIgb2Zmc2V0PSIxIi8+CiAgICAgICAgICAgICAgICAgICAgPC9saW5lYXJHcmFkaWVudD4KICAgICAgICAgICAgICAgIDwvZGVmcz4KICAgICAgICAgICAgICAgIDxnPgogICAgICAgICAgICAgICAgICAgIDxyZWN0IGZpbGw9InVybCgjZ3JhZGllbnQpIiB4PSIwIiB5PSIwIiB3aWR0aD0iNDAiIGhlaWdodD0iNDAiIHJ4PSIzIiByeT0iMyIvPgogICAgICAgICAgICAgICAgICAgIDx0ZXh0IHg9IjUiIHk9IjE5IiBmb250LWZhbWlseT0iQXJpYWwsIEhlbHZldGljYSwgc2Fucy1zZXJpZiIgZm9udC1zaXplPSIxM3B4IiBsZXR0ZXItc3BhY2luZz0iMSIgZmlsbD0iI0ZGRkZGRiI+CiAgICAgICAgICAgICAgICAgICAgICAgIDx0c3Bhbj5QTkc8L3RzcGFuPgogICAgICAgICAgICAgICAgICAgICAgICA8dHNwYW4geD0iNiIgeT0iMjgiPl88L3RzcGFuPgogICAgICAgICAgICAgICAgICAgIDwvdGV4dD4KICAgICAgICAgICAgICAgIDwvZz4KICAgICAgICAgICAgPC9zdmc+CgoJCQk=\" \/><\/div>\n            <div class=\"media-body\">\n                <h3 class=\"package-title\"><a href='https:\/\/www.kin.de\/da\/download\/test1\/'>test1<\/a><\/h3>\n                <div class=\"text-muted text-small\"><i class=\"fas fa-copy\"><\/i> 1 file(s) <i class=\"fas fa-hdd ml-3\"><\/i> 181.17 KB<\/div>\n            <\/div>\n            <div class=\"ml-3\">\n                <div class=\"w3eden\"><div class=\"panel panel-default card\"><div class=\"panel-body card-body\"><span class=\"text-danger\">Login is required to access this page<\/span><\/div><div class=\"panel-footer card-footer text-right\"><a href=\"https:\/\/www.kin.de\/da\/wp-login.php?redirect_to=https:\/\/www.kin.de\/da\/beispiel-seite\/\" class=\"btn btn-danger wpdmloginmodal-trigger btn-sm\"><i class=\"fa fa-lock\"><\/i> Login<\/a><\/div><\/div><\/div>\n            <\/div>\n        <\/div>\n    <\/div>\n<\/div>\n\n<\/div>\r\n\r\n\r\n<p>Dies ist eine Beispiel-Seite. Sie unterscheidet sich von Beitr\u00e4gen, da sie stets an derselben Stelle bleibt und (bei den meisten Themes) in der Website-Navigation angezeigt wird. Die meisten starten mit einem Impressum, der Datenschutzerkl\u00e4rung oder einer \u201e\u00dcber&nbsp;uns\u201c-Seite, um sich potenziellen Besuchern der Website vorzustellen. Dort k\u00f6nnte zum Beispiel stehen:<\/p>\r\n\r\n\r\n\r\n<blockquote class=\"wp-block-quote is-layout-flow wp-block-quote-is-layout-flow\"><p>Hallo! Tags\u00fcber arbeite ich als Fahrradkurier, nachts bin ich ein aufstrebender Schauspieler und dies hier ist meine Website. Ich lebe in Berlin, habe einen gro\u00dfen Hund namens Jack, mag Pi&#241;a Coladas, jedoch weniger (ohne Schirm) im Regen stehen gelassen zu werden.<\/p><\/blockquote>\r\n\r\n\r\n\r\n<p>&#8230;oder so etwas wie das hier:<\/p>\r\n\r\n\r\n\r\n<blockquote class=\"wp-block-quote is-layout-flow wp-block-quote-is-layout-flow\"><p>Das Unternehmen XYZ wurde 1971 gegr\u00fcndet und versorgt die \u00d6ffentlichkeit seither mit qualitativ hochwertigen Produkten. An seinem Standort in einer kleinen Gro\u00dfstadt besch\u00e4ftigt der Betrieb \u00fcber 2.000 Menschen und unterst\u00fctzt die Stadtbewohner in vielfacher Hinsicht.<\/p><\/blockquote>\r\n\r\n\r\n\r\n<p>Als neuer WordPress-Benutzer sollten Sie <a href=\"https:\/\/www.kin.de\/da\/wp-admin\/\">Ihr Dashboard<\/a> aufrufen, um diese Seite zu l\u00f6schen und neue Seiten und Beitr\u00e4ge f\u00fcr Ihre Website erstellen. Viel Spa\u00df!<\/p>\r\n","protected":false},"excerpt":{"rendered":"<p>Dies ist eine Beispiel-Seite. Sie unterscheidet sich von Beitr\u00e4gen, da sie stets an derselben Stelle bleibt und (bei den meisten Themes) in der Website-Navigation angezeigt wird. Die meisten starten mit einem Impressum, der Datenschutzerkl\u00e4rung oder einer \u201e\u00dcber&nbsp;uns\u201c-Seite, um sich potenziellen Besuchern der Website vorzustellen. Dort k\u00f6nnte zum Beispiel stehen: Hallo! Tags\u00fcber arbeite ich als Fahrradkurier, [&hellip;]<\/p>\n","protected":false},"author":1,"featured_media":0,"parent":0,"menu_order":0,"comment_status":"closed","ping_status":"open","template":"","meta":{"_acf_changed":false,"footnotes":""},"class_list":["post-2","page","type-page","status-publish","hentry"],"acf":[],"yoast_head":"<!-- This site is optimized with the Yoast SEO plugin v25.1 - https:\/\/yoast.com\/wordpress\/plugins\/seo\/ -->\n<title>Beispiel-Seite - kin da<\/title>\n<meta name=\"robots\" content=\"index, follow, max-snippet:-1, max-image-preview:large, max-video-preview:-1\" \/>\n<link rel=\"canonical\" href=\"https:\/\/www.kin.de\/da\/beispiel-seite\/\" \/>\n<meta property=\"og:locale\" content=\"da_DK\" \/>\n<meta property=\"og:type\" content=\"article\" \/>\n<meta property=\"og:title\" content=\"Beispiel-Seite - kin da\" \/>\n<meta property=\"og:description\" content=\"Dies ist eine Beispiel-Seite. Sie unterscheidet sich von Beitr\u00e4gen, da sie stets an derselben Stelle bleibt und (bei den meisten Themes) in der Website-Navigation angezeigt wird. Die meisten starten mit einem Impressum, der Datenschutzerkl\u00e4rung oder einer \u201e\u00dcber&nbsp;uns\u201c-Seite, um sich potenziellen Besuchern der Website vorzustellen. Dort k\u00f6nnte zum Beispiel stehen: Hallo! Tags\u00fcber arbeite ich als Fahrradkurier, [&hellip;]\" \/>\n<meta property=\"og:url\" content=\"https:\/\/www.kin.de\/da\/beispiel-seite\/\" \/>\n<meta property=\"og:site_name\" content=\"kin da\" \/>\n<meta property=\"article:modified_time\" content=\"2022-01-20T13:55:05+00:00\" \/>\n<meta name=\"twitter:card\" content=\"summary_large_image\" \/>\n<meta name=\"twitter:label1\" content=\"Estimeret l\u00e6setid\" \/>\n\t<meta name=\"twitter:data1\" content=\"1 minut\" \/>\n<script type=\"application\/ld+json\" class=\"yoast-schema-graph\">{\"@context\":\"https:\/\/schema.org\",\"@graph\":[{\"@type\":\"WebPage\",\"@id\":\"https:\/\/www.kin.de\/da\/beispiel-seite\/\",\"url\":\"https:\/\/www.kin.de\/da\/beispiel-seite\/\",\"name\":\"Beispiel-Seite - kin da\",\"isPartOf\":{\"@id\":\"https:\/\/www.kin.de\/da\/#website\"},\"datePublished\":\"2020-05-27T16:19:26+00:00\",\"dateModified\":\"2022-01-20T13:55:05+00:00\",\"breadcrumb\":{\"@id\":\"https:\/\/www.kin.de\/da\/beispiel-seite\/#breadcrumb\"},\"inLanguage\":\"da-DK\",\"potentialAction\":[{\"@type\":\"ReadAction\",\"target\":[\"https:\/\/www.kin.de\/da\/beispiel-seite\/\"]}]},{\"@type\":\"BreadcrumbList\",\"@id\":\"https:\/\/www.kin.de\/da\/beispiel-seite\/#breadcrumb\",\"itemListElement\":[{\"@type\":\"ListItem\",\"position\":1,\"name\":\"Startseite\",\"item\":\"https:\/\/www.kin.de\/da\/\"},{\"@type\":\"ListItem\",\"position\":2,\"name\":\"Beispiel-Seite\"}]},{\"@type\":\"WebSite\",\"@id\":\"https:\/\/www.kin.de\/da\/#website\",\"url\":\"https:\/\/www.kin.de\/da\/\",\"name\":\"kin da\",\"description\":\"Eine weitere KIN Sites Website\",\"potentialAction\":[{\"@type\":\"SearchAction\",\"target\":{\"@type\":\"EntryPoint\",\"urlTemplate\":\"https:\/\/www.kin.de\/da\/?s={search_term_string}\"},\"query-input\":{\"@type\":\"PropertyValueSpecification\",\"valueRequired\":true,\"valueName\":\"search_term_string\"}}],\"inLanguage\":\"da-DK\"}]}<\/script>\n<!-- \/ Yoast SEO plugin. -->","yoast_head_json":{"title":"Beispiel-Seite - kin da","robots":{"index":"index","follow":"follow","max-snippet":"max-snippet:-1","max-image-preview":"max-image-preview:large","max-video-preview":"max-video-preview:-1"},"canonical":"https:\/\/www.kin.de\/da\/beispiel-seite\/","og_locale":"da_DK","og_type":"article","og_title":"Beispiel-Seite - kin da","og_description":"Dies ist eine Beispiel-Seite. Sie unterscheidet sich von Beitr\u00e4gen, da sie stets an derselben Stelle bleibt und (bei den meisten Themes) in der Website-Navigation angezeigt wird. Die meisten starten mit einem Impressum, der Datenschutzerkl\u00e4rung oder einer \u201e\u00dcber&nbsp;uns\u201c-Seite, um sich potenziellen Besuchern der Website vorzustellen. Dort k\u00f6nnte zum Beispiel stehen: Hallo! Tags\u00fcber arbeite ich als Fahrradkurier, [&hellip;]","og_url":"https:\/\/www.kin.de\/da\/beispiel-seite\/","og_site_name":"kin da","article_modified_time":"2022-01-20T13:55:05+00:00","twitter_card":"summary_large_image","twitter_misc":{"Estimeret l\u00e6setid":"1 minut"},"schema":{"@context":"https:\/\/schema.org","@graph":[{"@type":"WebPage","@id":"https:\/\/www.kin.de\/da\/beispiel-seite\/","url":"https:\/\/www.kin.de\/da\/beispiel-seite\/","name":"Beispiel-Seite - kin da","isPartOf":{"@id":"https:\/\/www.kin.de\/da\/#website"},"datePublished":"2020-05-27T16:19:26+00:00","dateModified":"2022-01-20T13:55:05+00:00","breadcrumb":{"@id":"https:\/\/www.kin.de\/da\/beispiel-seite\/#breadcrumb"},"inLanguage":"da-DK","potentialAction":[{"@type":"ReadAction","target":["https:\/\/www.kin.de\/da\/beispiel-seite\/"]}]},{"@type":"BreadcrumbList","@id":"https:\/\/www.kin.de\/da\/beispiel-seite\/#breadcrumb","itemListElement":[{"@type":"ListItem","position":1,"name":"Startseite","item":"https:\/\/www.kin.de\/da\/"},{"@type":"ListItem","position":2,"name":"Beispiel-Seite"}]},{"@type":"WebSite","@id":"https:\/\/www.kin.de\/da\/#website","url":"https:\/\/www.kin.de\/da\/","name":"kin da","description":"Eine weitere KIN Sites Website","potentialAction":[{"@type":"SearchAction","target":{"@type":"EntryPoint","urlTemplate":"https:\/\/www.kin.de\/da\/?s={search_term_string}"},"query-input":{"@type":"PropertyValueSpecification","valueRequired":true,"valueName":"search_term_string"}}],"inLanguage":"da-DK"}]}},"_links":{"self":[{"href":"https:\/\/www.kin.de\/da\/wp-json\/wp\/v2\/pages\/2","targetHints":{"allow":["GET"]}}],"collection":[{"href":"https:\/\/www.kin.de\/da\/wp-json\/wp\/v2\/pages"}],"about":[{"href":"https:\/\/www.kin.de\/da\/wp-json\/wp\/v2\/types\/page"}],"author":[{"embeddable":true,"href":"https:\/\/www.kin.de\/da\/wp-json\/wp\/v2\/users\/1"}],"replies":[{"embeddable":true,"href":"https:\/\/www.kin.de\/da\/wp-json\/wp\/v2\/comments?post=2"}],"version-history":[{"count":2,"href":"https:\/\/www.kin.de\/da\/wp-json\/wp\/v2\/pages\/2\/revisions"}],"predecessor-version":[{"id":15,"href":"https:\/\/www.kin.de\/da\/wp-json\/wp\/v2\/pages\/2\/revisions\/15"}],"wp:attachment":[{"href":"https:\/\/www.kin.de\/da\/wp-json\/wp\/v2\/media?parent=2"}],"curies":[{"name":"wp","href":"https:\/\/api.w.org\/{rel}","templated":true}]}}